{"id":793,"date":"2017-12-21T16:00:45","date_gmt":"2017-12-21T15:00:45","guid":{"rendered":"http:\/\/www.proxima-computers.cz\/?page_id=793"},"modified":"2018-07-13T15:16:59","modified_gmt":"2018-07-13T13:16:59","slug":"new-theme","status":"publish","type":"page","link":"https:\/\/www.proxima-computers.cz\/","title":{"rendered":""},"content":{"rendered":"<p>[vc_row full_height=&#8220;yes&#8220; columns_placement=&#8220;top&#8220; el_id=&#8220;profil&#8220; css=&#8220;.vc_custom_1511769056299{padding-top: 60px !important;}&#8220;][vc_column]<div class=\"homepage-container-design \" style=\"background-image:url();color:#666666;background-repeat:repeat; padding-top:40px; padding-bottom:40px; background-size:; background-position:;\">\r\n\t\t\t<div class=\"homepage-container-design-inner\">\r\n        <div class=\"nexus-header-title sep active\">\r\n            <div class=\"section-title\">\r\n\t\t\t\t<h2 style=\"text-align:; color:;\"><span class=\"itp\">Profil spole\u010dnosti PROXIMA COMPUTERS s.r.o.<span style=\"color:; background:;\"><\/span><\/span><\/h2>\r\n                <h3 class=\"nexus-normal-header-heading\" style=\"text-align:; color:;\"><\/h3>\r\n            <\/div>\r\n\t\t\t<p class=\"sub-text \" style=\"text-align:;color:;\"><\/p>\r\n        <\/div>\t\r\n\t[vc_column_text]Spole\u010dnost Proxima Computers s.r.o. byla zalo\u017eena v&nbsp;roce 1992 se zam\u011b\u0159en\u00edm na prodej a&nbsp;servis v\u00fdpo\u010detn\u00ed a&nbsp;kancel\u00e1\u0159sk\u00e9 techniky. V&nbsp;n\u00e1sleduj\u00edc\u00edch letech do\u0161lo k&nbsp;v\u00fdznamn\u00e9mu roz\u0161\u00ed\u0159en\u00ed aktivit po\u010d\u00ednaje b\u011b\u017enou obchodn\u00ed \u010dinnost\u00ed, p\u0159es zastoupen\u00ed v\u00fdznamn\u00fdch v\u00fdrobc\u016f informa\u010dn\u00edch technologi\u00ed, konzultace, profesion\u00e1ln\u00ed servis, doch\u00e1zkov\u00e9 syst\u00e9my a\u017e po&nbsp;Voice over IP a&nbsp;bezpe\u010dnostn\u00ed technologie. Spole\u010dnost obsluhovala v\u00fdznamn\u00e9 klienty z&nbsp;oblasti B2B a&nbsp;st\u00e1tn\u00ed spr\u00e1vy, ale i&nbsp;\u0159adu b\u011b\u017en\u00fdch dom\u00e1cnost\u00ed. Takt\u00e9\u017e jsme st\u00e1li u&nbsp;zrodu mnoha pilotn\u00edch projekt\u016f v&nbsp;oblasti informa\u010dn\u00edch technologi\u00ed.<br \/>\nV&nbsp;roce 2007 bylo rozhodnuto o&nbsp;spojen\u00ed s&nbsp;dlouholet\u00fdm partnerem spole\u010dnost\u00ed\u00a0<a href=\"http:\/\/www.itprofik.cz\/\">IT Prof\u00edk s.r.o.<\/a>. V&nbsp;\u00fanoru 2008 do\u0161lo k&nbsp;\u00fapln\u00e9mu pr\u00e1vn\u00edmu p\u0159evzet\u00ed spole\u010dnosti Proxima Computers s.r.o. spole\u010dnost\u00ed\u00a0<a href=\"http:\/\/www.itprofik.cz\/\">IT Prof\u00edk s.r.o.<\/a>, jako\u017eto spole\u010dnosti zab\u00fdvaj\u00edc\u00ed se profesion\u00e1ln\u00edmi a&nbsp;komplexn\u00edmi slu\u017ebami v&nbsp;oblasti informa\u010dn\u00edch technologi\u00ed od roku 1999. Proxima Computers z\u00edskala, jako dce\u0159in\u00e1 spole\u010dnost, dal\u0161\u00ed mo\u017enosti v&nbsp;nab\u00eddce sv\u00fdch slu\u017eeb a&nbsp;know-how v&nbsp;oblasti ISO 9001 a&nbsp;14001 od sv\u00e9 mate\u0159sk\u00e9 spole\u010dnosti\u00a0<a href=\"http:\/\/www.itprofik.cz\/\">IT Prof\u00edk s.r.o.<\/a>. Od roku 2009 je uplat\u0148ov\u00e1na spole\u010dn\u00e1 obchodn\u00ed zna\u010dka\u00a0<a href=\"http:\/\/www.itprofik.cz\/\">IT Prof\u00edk \u2013 Spr\u00e1vn\u00e9 v\u011bci spr\u00e1vn\u011b<\/a>.<\/p>\n<p>I\u010cO: 471&nbsp;21&nbsp;327<br \/>\nDI\u010c: CZ47121327<\/p>\n<p><strong>Bankovn\u00ed spojen\u00ed<\/strong><br \/>\n\u010cesk\u00e1 spo\u0159itelna a.s.<br \/>\n\u010c\u00edslo \u00fa\u010dtu: 69280389\/0800[\/vc_column_text]<\/div><\/div>[\/vc_column][\/vc_row][vc_row full_width=&#8220;stretch_row_content&#8220; equal_height=&#8220;yes&#8220; disable_element=&#8220;yes&#8220;][vc_column]<div class=\"homepage-container-design homepage-container-design-wide\" style=\"background-image:url();color:#666666;background-repeat:repeat; padding-top:40px; padding-bottom:40px; background-size:auto;\">\r\n\t\t\t<div class=\"homepage-container-design-inner\"><div class=\"stats row block-columns\">\r\n\t\t\t\t<div style=\"background:#0c47a6;\" class=\"stat span-3\">\r\n\t\t\t\t\t<i class=\"livicon\" data-n=\"users\" data-c=\"#ffffff\" data-op=\"1\" data-s=\"68\" data-hc=\"false\"><\/i>\r\n\t\t\t\t\t<h4><span style=\"color:#ffffff;\" id=\"stat-92123401\" data-val=\"1234\">0<\/span><\/h4>\r\n\t\t\t\t\t<p style=\"color:;\">Spokojen\u00fdch klient\u016f<\/p>\r\n\t\t\t\t<\/div>\r\n\t\t\t<\/div><div class=\"stats row block-columns\">\r\n\t\t\t\t<div style=\"background:#0e52be;\" class=\"stat span-3\">\r\n\t\t\t\t\t<i class=\"livicon\" data-n=\"shield\" data-c=\"#ffffff\" data-op=\"1\" data-s=\"68\" data-hc=\"false\"><\/i>\r\n\t\t\t\t\t<h4><span style=\"color:#ffffff;\" id=\"stat-9230001\" data-val=\"300\">0<\/span><\/h4>\r\n\t\t\t\t\t<p style=\"color:;\">Ralizovan\u00fdch zabezpe\u010den\u00ed<\/p>\r\n\t\t\t\t<\/div>\r\n\t\t\t<\/div><div class=\"stats row block-columns\">\r\n\t\t\t\t<div style=\"background:#105cd5;\" class=\"stat span-3\">\r\n\t\t\t\t\t<i class=\"livicon\" data-n=\"wrench\" data-c=\"#ffffff\" data-op=\"1\" data-s=\"68\" data-hc=\"false\"><\/i>\r\n\t\t\t\t\t<h4><span style=\"color:#ffffff;\" id=\"stat-921001\" data-val=\"10\">0<\/span><\/h4>\r\n\t\t\t\t\t<p style=\"color:;\">Servisn\u00edch technik\u016f<\/p>\r\n\t\t\t\t<\/div>\r\n\t\t\t<\/div><div class=\"stats row block-columns\">\r\n\t\t\t\t<div style=\"background:#1266ed;\" class=\"stat span-3\">\r\n\t\t\t\t\t<i class=\"livicon\" data-n=\"home\" data-c=\"#ffffff\" data-op=\"1\" data-s=\"68\" data-hc=\"false\"><\/i>\r\n\t\t\t\t\t<h4><span style=\"color:#ffffff;\" id=\"stat-9212301\" data-val=\"123\">0<\/span><\/h4>\r\n\t\t\t\t\t<p style=\"color:;\">Vybaven\u00fdch spole\u010dnost\u00ed<\/p>\r\n\t\t\t\t<\/div>\r\n\t\t\t<\/div><\/div><\/div>[\/vc_column][\/vc_row][vc_row full_height=&#8220;yes&#8220; columns_placement=&#8220;top&#8220; el_id=&#8220;gdpr&#8220; el_class=&#8220;lighter&#8220; css=&#8220;.vc_custom_1511769065579{padding-top: 60px !important;}&#8220;][vc_column]<div class=\"homepage-container-design \" style=\"background-image:url();color:#666666;background-repeat:repeat; padding-top:40px; padding-bottom:40px; background-size:; background-position:;\">\r\n\t\t\t<div class=\"homepage-container-design-inner\">\r\n        <div class=\"nexus-header-title sep active\">\r\n            <div class=\"section-title\">\r\n\t\t\t\t<h2 style=\"text-align:right; color:;\"><span class=\"itp\">GDPR<span style=\"color:; background:;\"><\/span><\/span><\/h2>\r\n                <h3 class=\"nexus-normal-header-heading\" style=\"text-align:right; color:;\"><\/h3>\r\n            <\/div>\r\n\t\t\t<p class=\"sub-text \" style=\"text-align:right;color:;\"><\/p>\r\n        <\/div>\t\r\n\t[vc_row_inner][vc_column_inner width=&#8220;1\/3&#8243;][vc_single_image image=&#8220;815&#8243; img_size=&#8220;medium&#8220; alignment=&#8220;center&#8220;][\/vc_column_inner][vc_column_inner width=&#8220;2\/3&#8243;][vc_column_text]General Data Protection Regulation, jinak tak\u00e9 zn\u00e1m\u00e9 jako GDPR \u010di&nbsp;Obecn\u00e9 na\u0159\u00edzen\u00ed o&nbsp;ochran\u011b osobn\u00edch \u00fadaj\u016f je obs\u00e1hl\u00e1 sada pravidel a&nbsp;regulac\u00ed t\u00fdkaj\u00edc\u00ed se vyu\u017eit\u00ed a&nbsp;zpracov\u00e1n\u00ed dat jednotliv\u00fdch subjekt\u016f ve firm\u00e1ch se zam\u011b\u0159en\u00edm na ochranu digit\u00e1ln\u00ed identity a&nbsp;pr\u00e1v v\u0161ech ob\u010dan\u016f EU a&nbsp;to i&nbsp;za hranicemi samotn\u00fdch st\u00e1t\u016f. Okrajov\u011b lze z&nbsp;nov\u00fdch povinnost\u00ed zm\u00ednit nap\u0159\u00edklad pr\u00e1vo fyzick\u00e9 osoby na sd\u011blen\u00ed v\u0161ech \u00fadaj\u016f, kter\u00e9 o&nbsp;n\u011bm podnik eviduje, \u010di&nbsp;pr\u00e1vo na v\u00fdmaz\/\u00fapravu dan\u00e9ho z\u00e1znamu o&nbsp;osob\u011b za p\u0159edpokladu, \u017ee se nejedn\u00e1 o&nbsp;z\u00e1konnou \u010di&nbsp;jinou kritickou povinnost. Na\u0159\u00edzen\u00ed vstupuje v&nbsp;platnost od 25.&nbsp;kv\u011btna 2018 a&nbsp;v&nbsp;podstat\u011b inovuje v&nbsp;\u010cR ji\u017e zajetou legislativu, konkr\u00e9tn\u011b z\u00e1kon \u010d.&nbsp;101\/2000 Sb. a&nbsp;sm\u011brnici o&nbsp;ochran\u011b osobn\u00edch \u00fadaj\u016f 95\/46\/ES.<\/p>\n<p>GDPR se dotkne v\u0161ech podnikatelsk\u00fdch subjekt\u016f, tedy nejenom velk\u00fdch hr\u00e1\u010d\u016f na trhu, ale t\u0159eba i&nbsp;podniku o&nbsp;dvou lidech. A&nbsp;ka\u017ed\u00fd z&nbsp;nich by m\u011bl vynalo\u017eit p\u0159im\u011b\u0159en\u00e9 \u00fasil\u00ed a&nbsp;prost\u0159edky, aby dostate\u010dn\u011b zajistil ochranu v\u0161ech osobn\u00edch \u00fadaj\u016f a&nbsp;p\u0159\u00edpadnou \u00fapravu vnitropodnikov\u00fdch proces\u016f a&nbsp;standard\u016f. V&nbsp;n\u011bkter\u00fdch p\u0159\u00edpadech bude tak\u00e9 nutn\u00e9 prov\u00e9st Anal\u00fdzu a&nbsp;posouzen\u00ed vlivu na ochranu osobn\u00edch \u00fadaj\u016f a&nbsp;p\u0159\u00edpadn\u011b za\u0159\u00eddit takzvan\u00e9ho spr\u00e1vce osobn\u00edch \u00fadaj\u016f, kter\u00fd bude m\u00edt za c\u00edl komunikovat s&nbsp;p\u0159\u00edslu\u0161n\u00fdmi institucemi, zaji\u0161\u0165ovat dozor nad zpracov\u00e1n\u00edm osobn\u00edch \u00fadaj\u016f dot\u010den\u00fdch subjekt\u016f a&nbsp;sou\u010dasn\u011b s&nbsp;t\u00edm zaji\u0161\u0165ovat dodr\u017eov\u00e1n\u00ed na\u0159\u00edzen\u00ed GDPR v&nbsp;cel\u00e9 organizaci.<\/p>\n<p><strong>Co nab\u00edz\u00edme?\u00a0<\/strong><\/p>\n<p>Z na\u0161\u00ed strany jsme schopni zajistit nejenom samotn\u00e9 posouzen\u00ed p\u0159ipravenosti na GDPR, v\u010detn\u011b vypracov\u00e1n\u00ed ve\u0161ker\u00e9 dokumentace a&nbsp;implementa\u010dn\u00edho pl\u00e1nu, ale hlavn\u011b zaji\u0161\u0165ujeme kompletn\u00ed servis t\u00fdkaj\u00edc\u00ed se nasazen\u00ed dan\u00e9ho \u0159e\u0161en\u00ed ve va\u0161\u00ed spole\u010dnosti. Sou\u010dasn\u011b s&nbsp;t\u00edm vyu\u017e\u00edv\u00e1me na\u0161e dlouholet\u00e9 znalosti z&nbsp;oboru IT technologi\u00ed, jeliko\u017e se samotn\u00e9 na\u0159\u00edzen\u00ed z&nbsp;velk\u00e9 \u010d\u00e1sti pr\u00e1v\u011b tohoto odv\u011btv\u00ed t\u00fdk\u00e1. P\u0159idanou hodnotou z&nbsp;na\u0161\u00ed strany je tak\u00e9 mo\u017enost vyu\u017e\u00edt p\u0159\u00edpadn\u00fdch dod\u00e1vek nov\u00e9ho vybaven\u00ed souvisej\u00edc\u00ed s&nbsp;touto implementac\u00ed za zv\u00fdhodn\u011bn\u00fdch cenov\u00fdch podm\u00ednek, jeliko\u017e spolupracujeme s&nbsp;mnoha v\u00fdznamn\u00fdmi spole\u010dnostmi zaji\u0161\u0165uj\u00edc\u00ed bezpe\u010dnost, servis \u010di&nbsp;jin\u00e9 dal\u0161\u00ed dod\u00e1vky IT technologi\u00ed.<\/p>\n<p><strong>Komu je slu\u017eba ur\u010dena?\u00a0<\/strong><\/p>\n<p>V\u0161em spole\u010dnostem od mikropodnik\u016f po&nbsp;st\u0159edn\u011b velk\u00e9 podniky. P\u0159edev\u0161\u00edm pot\u00e9 pro subjekty vyu\u017e\u00edvaj\u00edc\u00ed pro sv\u00e9 podnik\u00e1n\u00ed IT technologie, a\u0165 u\u017e se jedn\u00e1 o&nbsp;datab\u00e1ze z\u00e1kazn\u00edk\u016f, informa\u010dn\u00ed syst\u00e9my nebo sd\u00edlen\u00e9 datov\u00e9 \u00falo\u017ei\u0161t\u011b. Sou\u010dasn\u011b je na\u0161e \u0159e\u0161en\u00ed vhodn\u00e9 tak\u00e9 pro v\u0161echny subjekty, kter\u00e9 spadnou do kategorie nutnosti m\u00edt vlastn\u00ed DPO (Pov\u011b\u0159ence pro ochranu osobn\u00edch \u00fadaj\u016f) \u010di&nbsp;m\u00edt zaji\u0161t\u011bn\u00e9 tzv.&nbsp;DPIA (Posouzen\u00ed vlivu na ochranu osobn\u00edch \u00fadaj\u016f), tu je ov\u0161em vhodn\u00e9 prov\u00e9st nez\u00e1visle na povinnosti, jeliko\u017e zna\u010dn\u011b usnadn\u00ed ur\u010den\u00ed slab\u00fdch m\u00edst a&nbsp;d\u00e1 mnoho podn\u011btn\u00fdch informac\u00ed k&nbsp;proveden\u00ed spr\u00e1vn\u00e9 a&nbsp;dostate\u010dn\u00e9 implementace \u0159e\u0161en\u00ed GDPR.<\/p>\n<p><strong>Jak\u00e9 jsou v\u00fdhody pro z\u00e1kazn\u00edka?<\/strong><\/p>\n<ul>\n<li>Odborn\u00fd a&nbsp;komplexn\u00ed p\u0159\u00edstup v&nbsp;problematice GDPR, v\u010detn\u011b poskytnut\u00ed DPO<\/li>\n<li>Zaji\u0161t\u011bn\u00ed konzultac\u00ed k&nbsp;dan\u00e9 problematice, vypracov\u00e1n\u00ed kompletn\u00edho projektov\u00e9 dokumentace a&nbsp;doveden\u00ed cel\u00e9 implementace do konce bez zbyte\u010dn\u00fdch starost\u00ed<\/li>\n<li>Eliminace mo\u017en\u00fdch chyb se zaji\u0161t\u011bn\u00edm pot\u0159ebn\u00fdch krok\u016f, ni\u017e\u0161\u00ed vynalo\u017een\u00e9 n\u00e1klady<\/li>\n<li>Spr\u00e1vn\u00e1 instalace na\u0159\u00edzen\u00ed GDPR<\/li>\n<\/ul>\n<p>[\/vc_column_text][\/vc_column_inner][\/vc_row_inner]<\/div><\/div>[\/vc_column][\/vc_row][vc_row full_height=&#8220;yes&#8220; columns_placement=&#8220;top&#8220; el_id=&#8220;management&#8220; css=&#8220;.vc_custom_1511769073121{padding-top: 60px !important;}&#8220;][vc_column]<div class=\"homepage-container-design \" style=\"background-image:url();color:#666666;background-repeat:repeat; padding-top:40px; padding-bottom:40px; background-size:; background-position:;\">\r\n\t\t\t<div class=\"homepage-container-design-inner\">\r\n        <div class=\"nexus-header-title sep active\">\r\n            <div class=\"section-title\">\r\n\t\t\t\t<h2 style=\"text-align:; color:;\"><span class=\"itp\">Projektov\u00fd management<span style=\"color:; background:;\"><\/span><\/span><\/h2>\r\n                <h3 class=\"nexus-normal-header-heading\" style=\"text-align:; color:;\"><\/h3>\r\n            <\/div>\r\n\t\t\t<p class=\"sub-text \" style=\"text-align:;color:;\"><\/p>\r\n        <\/div>\t\r\n\t[vc_row_inner][vc_column_inner width=&#8220;2\/3&#8243;][vc_column_text]R\u00e1di v\u00e1m pom\u016f\u017eeme s&nbsp;\u0159e\u0161en\u00edm r\u016fzn\u00fdch projekt\u016f v&nbsp;segment\u016f IT technologi\u00ed formou outsourcingu projektov\u00e9ho \u0159\u00edzen\u00ed. D\u00edky dlouholet\u00fdm zku\u0161enostem a&nbsp;hloubkov\u00e9 znalosti dan\u00e9 problematiky zajist\u00edme optim\u00e1ln\u00ed pr\u016fb\u011bh cel\u00e9ho procesu s&nbsp;ohledem na dodr\u017een\u00ed v\u0161ech bod\u016f samotn\u00e9ho projektu. V\u0161echny projekty jsme schopni \u0159e\u0161it v&nbsp;pln\u00e9m rozsahu, tj.&nbsp;ji\u017e od samotn\u00e9 p\u0159\u00edpravn\u00e9 f\u00e1ze a&nbsp;proveden\u00ed studie proveditelnosti, v\u010detn\u011b kompletn\u00ed zad\u00e1vac\u00ed dokumentace, p\u0159edb\u011b\u017en\u00fdch rozpo\u010dt\u016f apod., tak aby se na\u0161i klienti mohli soust\u0159edit na pro n\u011b d\u016fle\u017eit\u011bj\u0161\u00ed \u010d\u00e1sti jejich podnik\u00e1n\u00ed.<\/p>\n<p><strong>Komu je slu\u017eba ur\u010dena?\u00a0<\/strong><\/p>\n<ul>\n<li>P\u0159edev\u0161\u00edm pro v\u0161echny podniky zav\u00e1d\u011bj\u00edc\u00ed nov\u00e9 IT procesy \u010di&nbsp;technologie<\/li>\n<li>Spole\u010dnostem, kter\u00e9 nemaj\u00ed sv\u00e9ho projekt mana\u017eera, \u010di&nbsp;nemaj\u00ed aktu\u00e1ln\u00ed kapacitu prov\u00e9st sv\u00e9pomoc\u00ed<\/li>\n<li>Subjekt\u016fm \u0159e\u0161\u00edc\u00edm optimalizaci n\u00e1klad\u016f, stavu IT nebo vypisuj\u00edc\u00edm v\u00fdb\u011brov\u00e9 \u0159\u00edzen\u00ed v&nbsp;dan\u00e9m odv\u011btv\u00ed<\/li>\n<li>V\u0161em ostatn\u00edm, kte\u0159\u00ed vy\u017eaduj\u00ed profesion\u00e1ln\u00ed p\u0159\u00edstup a&nbsp;projekt dota\u017een\u00fd \u00fasp\u011b\u0161n\u011b do konce. \ud83d\ude0a<\/li>\n<\/ul>\n<p><strong>Jak\u00e9 jsou hlavn\u00ed v\u00fdhody pro z\u00e1kazn\u00edka?<\/strong><\/p>\n<ul>\n<li>Profesion\u00e1ln\u00ed a&nbsp;odborn\u00fd dohled cel\u00e9ho projektu<\/li>\n<li>Mo\u017enost konzultac\u00ed a&nbsp;doporu\u010den\u00ed a\u0165 u\u017e v&nbsp;p\u0159\u00edpravn\u00e9 f\u00e1zi nebo v&nbsp;pr\u016fb\u011bhu cel\u00e9ho projektu<\/li>\n<li>Zaji\u0161t\u011bn\u00ed komunikace se v\u0161emi \u00fa\u010dastn\u00edky projektu \u2013 dodavatel\u00e9, subdodavatel\u00e9, koncov\u00fd z\u00e1kazn\u00edk apod.<\/li>\n<li>\u00daspora va\u0161eho \u010dasu a&nbsp;p\u0159\u00edpadn\u011b i&nbsp;vlo\u017een\u00fdch prost\u0159edk\u016f<\/li>\n<\/ul>\n<p>[\/vc_column_text][\/vc_column_inner][vc_column_inner width=&#8220;1\/3&#8243;][vc_single_image image=&#8220;817&#8243; img_size=&#8220;large&#8220; alignment=&#8220;center&#8220;][\/vc_column_inner][\/vc_row_inner]<\/div><\/div>[\/vc_column][\/vc_row][vc_row disable_element=&#8220;yes&#8220; css=&#8220;.vc_custom_1515162949188{margin-bottom: 0px !important;padding-top: 70px !important;padding-bottom: 54px !important;background-color: #0c47a6 !important;}&#8220; el_class=&#8220;disablecolors&#8220;][vc_column]<div class=\"homepage-container-design \" style=\"background-image:url();color:#ffffff;background-repeat:repeat; padding-top:0px; padding-bottom:0px; background-size:; background-position:;\">\r\n\t\t\t<div class=\"homepage-container-design-inner\">[vc_row_inner el_class=&#8220;nexus-handle-blockquote-heading&#8220; css=&#8220;.vc_custom_1428351272776{margin-bottom: 0px !important;}&#8220;][vc_column_inner width=&#8220;1\/3&#8243;]\r\n\t\t<div class=\"section-title\" style=\"text-align:;\">\r\n\t\t\t<h2 style=\"color:; font-size:2.85rem;\">Na\u0161i klienti<\/h2>\r\n\t\t\t<h3 style=\"color:#ffffff; font-size:1.8rem;\"><i>Poznejte na\u0161e spokojen\u00e9 klienty<\/i><\/h3>\r\n\t\t<\/div>\t\r\n\t[\/vc_column_inner][vc_column_inner width=&#8220;2\/3&#8243;]<div class=\"owl-carousel clients-slider\">\r\n\t\t            <a target=\"_blank\" href=\"https:\/\/www.proxima-computers.cz\/wp-content\/uploads\/2015\/04\/envato-1.png\">                     \r\n                        <img decoding=\"async\" src=\"https:\/\/www.proxima-computers.cz\/wp-content\/uploads\/2015\/04\/envato-1.png\" alt=\"Image\" \/>\r\n                    <\/a>\r\n\t\t            <a target=\"_blank\" href=\"http:\/\/themes.profteamsolutions.com\/nexus\/wp-content\/uploads\/2015\/04\/envato-2.png\">                     \r\n                        <img decoding=\"async\" src=\"https:\/\/www.proxima-computers.cz\/wp-content\/uploads\/2015\/04\/envato-2.png\" alt=\"Image\" \/>\r\n                    <\/a>\r\n\t\t            <a target=\"_blank\" href=\"http:\/\/themes.profteamsolutions.com\/nexus\/?page_id=214\">                     \r\n                        <img decoding=\"async\" src=\"https:\/\/www.proxima-computers.cz\/wp-content\/uploads\/2015\/04\/envato-3.png\" alt=\"Image\" \/>\r\n                    <\/a>\r\n\t\t            <a target=\"_blank\" href=\"http:\/\/themes.profteamsolutions.com\/nexus\/?page_id=214\">                     \r\n                        <img decoding=\"async\" src=\"https:\/\/www.proxima-computers.cz\/wp-content\/uploads\/2015\/04\/envato-4.png\" alt=\"Image\" \/>\r\n                    <\/a>\r\n\t\t            <a target=\"_blank\" href=\"http:\/\/themes.profteamsolutions.com\/nexus\/?page_id=214\">                     \r\n                        <img decoding=\"async\" src=\"https:\/\/www.proxima-computers.cz\/wp-content\/uploads\/2015\/04\/envato-5.png\" alt=\"Image\" \/>\r\n                    <\/a>\r\n\t\t            <a target=\"_blank\" href=\"http:\/\/themes.profteamsolutions.com\/nexus\/wp-content\/uploads\/2015\/04\/envato-6.png\">                     \r\n                        <img decoding=\"async\" src=\"https:\/\/www.proxima-computers.cz\/wp-content\/uploads\/2015\/04\/envato-6.png\" alt=\"Image\" \/>\r\n                    <\/a>\r\n\t\t            <a target=\"_blank\" href=\"http:\/\/themes.profteamsolutions.com\/nexus\/wp-content\/uploads\/2015\/04\/envato-7.png\">                     \r\n                        <img decoding=\"async\" src=\"https:\/\/www.proxima-computers.cz\/wp-content\/uploads\/2015\/04\/envato-7.png\" alt=\"Image\" \/>\r\n                    <\/a>\r\n\t\t            <a target=\"_blank\" href=\"http:\/\/themes.profteamsolutions.com\/nexus\/?page_id=214\">                     \r\n                        <img decoding=\"async\" src=\"https:\/\/www.proxima-computers.cz\/wp-content\/uploads\/2015\/04\/envato-8.png\" alt=\"Image\" \/>\r\n                    <\/a><\/div>[\/vc_column_inner][\/vc_row_inner]<\/div><\/div>[\/vc_column][\/vc_row][vc_row full_height=&#8220;yes&#8220; el_class=&#8220;lighter&#8220; el_id=&#8220;services&#8220;][vc_column]<div class=\"homepage-container-design \" style=\"background-image:url();color:#666666;background-repeat:repeat; padding-top:40px; padding-bottom:40px; background-size:; background-position:;\">\r\n\t\t\t<div class=\"homepage-container-design-inner\">\r\n        <div class=\"nexus-header-title sep active\">\r\n            <div class=\"section-title\">\r\n\t\t\t\t<h2 style=\"text-align:right; color:;\"><span class=\"itp\">Poradenstv\u00ed, konzultace, \u0161kolen\u00ed<span style=\"color:; background:;\"><\/span><\/span><\/h2>\r\n                <h3 class=\"nexus-normal-header-heading\" style=\"text-align:right; color:;\"><\/h3>\r\n            <\/div>\r\n\t\t\t<p class=\"sub-text \" style=\"text-align:right;color:;\"><\/p>\r\n        <\/div>\t\r\n\t[vc_row_inner][vc_column_inner width=&#8220;1\/3&#8243;][vc_single_image image=&#8220;813&#8243; img_size=&#8220;medium&#8220; alignment=&#8220;center&#8220;][\/vc_column_inner][vc_column_inner width=&#8220;2\/3&#8243;][vc_column_text]Na\u0161e spole\u010dnost zaji\u0161\u0165uje poradenstv\u00ed a&nbsp;konzultace v&nbsp;oblasti ICT, a\u0165 u\u017e se jedn\u00e1 o&nbsp;servery, spr\u00e1vu informa\u010dn\u00edch technologi\u00ed, implementaci VoIP \u00fast\u0159edny \u010di&nbsp;nasazen\u00ed GDPR. Sou\u010dasn\u011b s&nbsp;t\u00edm pom\u00e1h\u00e1me hledat to nejvhodn\u011bj\u0161\u00ed \u0159e\u0161en\u00ed konkr\u00e9tn\u00edho projektu nebo probl\u00e9mu, tak abychom u\u0161et\u0159ili V\u00e1m jako\u017eto klientovi nejenom \u010das, ale i&nbsp;zdroje.\u00a0 V&nbsp;neposledn\u00ed \u0159ad\u011b jsme tak\u00e9 schopni p\u0159ipravit k&nbsp;libovoln\u00e9 problematice \u0161kolen\u00ed, a\u0165 u\u017e pro b\u011b\u017en\u00e9 u\u017eivatele, tak i&nbsp;v\u00edce technicky zam\u011b\u0159en\u00e9.<\/p>\n<p><strong>Jak to funguje?<\/strong><\/p>\n<p>Po proveden\u00ed p\u0159edb\u011b\u017en\u00e9 konzultace a&nbsp;obdr\u017een\u00ed objedn\u00e1vky neprodlen\u011b zajist\u00edme anal\u00fdzu dan\u00e9 problematiky, a&nbsp;to bu\u010f vzd\u00e1len\u011b na z\u00e1klad\u011b poskytnut\u00fdch podklad\u016f, \u010di&nbsp;p\u0159\u00edmo u&nbsp;v\u00e1s. Na z\u00e1klad\u011b zji\u0161t\u011bn\u00ed je n\u00e1sledn\u011b vypracov\u00e1na komplexn\u00ed zpr\u00e1va, \u010di&nbsp;poskytnuta po\u017eadovan\u00e1 konzultace nebo zaji\u0161t\u011bno pot\u0159ebn\u00e9 \u0161kolen\u00ed, dle va\u0161eho p\u0159\u00e1n\u00ed.<\/p>\n<p>Pomoci V\u00e1m m\u016f\u017eeme nap\u0159\u00edklad v&nbsp;n\u00e1sleduj\u00edc\u00edch bodech:<\/p>\n<ul>\n<li>Implementace a&nbsp;spr\u00e1va r\u016fzn\u00fdch \u0159e\u0161en\u00ed, od MS AD po&nbsp;VoIP tel. \u00fast\u0159ednu<\/li>\n<li>P\u0159\u00edprava, volba a&nbsp;porovn\u00e1n\u00ed v&nbsp;p\u0159\u00edpad\u011b pl\u00e1novan\u00e9ho n\u00e1kupu nov\u00e9ho produktu, v\u00fdb\u011bru partnera v&nbsp;segmentu IT technologi\u00ed, \u010di&nbsp;implement\u00e1tora syst\u00e9mu<\/li>\n<li>Zaji\u0161t\u011bn\u00ed dokumentace k&nbsp;v\u00fdb\u011brov\u00e9mu \u0159\u00edzen\u00ed na n\u00e1kup IT technologi\u00ed<\/li>\n<li>Revize IT proces\u016f a&nbsp;vypracov\u00e1n\u00ed pl\u00e1nu na optimalizaci<\/li>\n<li>Dal\u0161\u00ed komplexn\u00ed \u0159e\u0161en\u00ed v&nbsp;r\u00e1mci GDPR \u010di&nbsp;IT. Pro v\u00edce informac\u00ed n\u00e1s pros\u00edm kontaktujte.<\/li>\n<\/ul>\n<p>[\/vc_column_text][\/vc_column_inner][\/vc_row_inner]<\/div><\/div>[\/vc_column][\/vc_row][vc_row full_height=&#8220;yes&#8220; columns_placement=&#8220;top&#8220; disable_element=&#8220;yes&#8220; el_id=&#8220;contact&#8220; css=&#8220;.vc_custom_1511770227231{padding-top: 60px !important;}&#8220;][vc_column]<div class=\"homepage-container-design \" style=\"background-image:url();color:#666666;background-repeat:repeat; padding-top:40px; padding-bottom:40px; background-size:; background-position:;\">\r\n\t\t\t<div class=\"homepage-container-design-inner\">\r\n        <div class=\"nexus-header-title sep active\">\r\n            <div class=\"section-title\">\r\n\t\t\t\t<h2 style=\"text-align:center; color:;\"><span class=\"itp\">KONTAKT<span style=\"color:; background:;\"><\/span><\/span><\/h2>\r\n                <h3 class=\"nexus-normal-header-heading\" style=\"text-align:center; color:;\"><\/h3>\r\n            <\/div>\r\n\t\t\t<p class=\"sub-text sub-text-center\" style=\"text-align:center;color:;\"><\/p>\r\n        <\/div>\t\r\n\t<\/div><\/div>[\/vc_column][\/vc_row][vc_row el_id=&#8220;contact&#8220;][vc_column][\/vc_column][\/vc_row]<\/p>\n","protected":false},"excerpt":{"rendered":"<p>[vc_row full_height=&#8220;yes&#8220; columns_placement=&#8220;top&#8220; el_id=&#8220;profil&#8220; css=&#8220;.vc_custom_1511769056299{padding-top: 60px !important;}&#8220;][vc_column][vc_column_text]Spole\u010dnost Proxima Computers s.r.o. byla zalo\u017eena v&nbsp;roce 1992 se zam\u011b\u0159en\u00edm na prodej a&nbsp;servis v\u00fdpo\u010detn\u00ed a&nbsp;kancel\u00e1\u0159sk\u00e9 techniky. V&nbsp;n\u00e1sleduj\u00edc\u00edch letech do\u0161lo k&nbsp;v\u00fdznamn\u00e9mu roz\u0161\u00ed\u0159en\u00ed aktivit po\u010d\u00ednaje b\u011b\u017enou obchodn\u00ed \u010dinnost\u00ed, p\u0159es zastoupen\u00ed v\u00fdznamn\u00fdch v\u00fdrobc\u016f informa\u010dn\u00edch technologi\u00ed, konzultace, profesion\u00e1ln\u00ed servis, doch\u00e1zkov\u00e9 syst\u00e9my a\u017e po&nbsp;Voice over IP a&nbsp;bezpe\u010dnostn\u00ed technologie. Spole\u010dnost obsluhovala v\u00fdznamn\u00e9 klienty z&nbsp;oblasti B2B a&nbsp;st\u00e1tn\u00ed spr\u00e1vy, ale i&nbsp;\u0159adu b\u011b\u017en\u00fdch dom\u00e1cnost\u00ed. Takt\u00e9\u017e jsme st\u00e1li u&nbsp;zrodu mnoha pilotn\u00edch projekt\u016f v&nbsp;oblasti informa\u010dn\u00edch technologi\u00ed. V&nbsp;roce 2007 bylo rozhodnuto o&nbsp;spojen\u00ed s&nbsp;dlouholet\u00fdm partnerem spole\u010dnost\u00ed\u00a0IT Prof\u00edk&#8230;<\/p>\n","protected":false},"author":1,"featured_media":0,"parent":0,"menu_order":0,"comment_status":"closed","ping_status":"closed","template":"homepage.php","meta":{"footnotes":""},"_links":{"self":[{"href":"https:\/\/www.proxima-computers.cz\/index.php?rest_route=\/wp\/v2\/pages\/793"}],"collection":[{"href":"https:\/\/www.proxima-computers.cz\/index.php?rest_route=\/wp\/v2\/pages"}],"about":[{"href":"https:\/\/www.proxima-computers.cz\/index.php?rest_route=\/wp\/v2\/types\/page"}],"author":[{"embeddable":true,"href":"https:\/\/www.proxima-computers.cz\/index.php?rest_route=\/wp\/v2\/users\/1"}],"replies":[{"embeddable":true,"href":"https:\/\/www.proxima-computers.cz\/index.php?rest_route=%2Fwp%2Fv2%2Fcomments&post=793"}],"version-history":[{"count":11,"href":"https:\/\/www.proxima-computers.cz\/index.php?rest_route=\/wp\/v2\/pages\/793\/revisions"}],"predecessor-version":[{"id":819,"href":"https:\/\/www.proxima-computers.cz\/index.php?rest_route=\/wp\/v2\/pages\/793\/revisions\/819"}],"wp:attachment":[{"href":"https:\/\/www.proxima-computers.cz\/index.php?rest_route=%2Fwp%2Fv2%2Fmedia&parent=793"}],"curies":[{"name":"wp","href":"https:\/\/api.w.org\/{rel}","templated":true}]}}